{"id":5696,"date":"2022-02-09T11:34:49","date_gmt":"2022-02-09T15:34:49","guid":{"rendered":"https:\/\/watermarktheatre.com\/educating-rita-by-willy-russell\/"},"modified":"2022-05-11T11:22:50","modified_gmt":"2022-05-11T14:22:50","slug":"educating-rita-by-willy-russell","status":"publish","type":"page","link":"https:\/\/www.watermarktheatre.com\/fr\/educating-rita-by-willy-russell\/","title":{"rendered":"Educating Rita by Willy Russell"},"content":{"rendered":"<p><strong><em>Educating Rita<\/em><\/strong> de Willy Russell, une pi\u00e8ce chaleureuse, amusante et intelligente au sujet des relations, des connexions et de la libert\u00e9, jouera du 12 au 30 juillet. L\u2019h\u00e9ro\u00efne, Rita, une coiffeuse mari\u00e9e, d\u00e9cide de rentrer \u00e0 l\u2019\u00e9cole pour \u00e9largir ses horizons. Elle s\u2019inscrit \u00e0 l\u2019universit\u00e9 et se retrouve sous la direction de Frank, un professeur blas\u00e9 qui se tourne vers l\u2019alcool pour naviguer la vie et le divorce.<\/p>\n<p>&nbsp;<\/p>\n<p><img loading=\"lazy\" decoding=\"async\" class=\"aligncenter wp-image-5689 size-large\" src=\"http:\/\/watermarktheatre.com\/wp-content\/uploads\/2022\/04\/WatermarkEducating_2022-social-02-1024x662.jpg\" alt=\"\" width=\"1024\" height=\"662\" srcset=\"https:\/\/www.watermarktheatre.com\/wp-content\/uploads\/2022\/04\/WatermarkEducating_2022-social-02-1024x662.jpg 1024w, https:\/\/www.watermarktheatre.com\/wp-content\/uploads\/2022\/04\/WatermarkEducating_2022-social-02-300x194.jpg 300w, https:\/\/www.watermarktheatre.com\/wp-content\/uploads\/2022\/04\/WatermarkEducating_2022-social-02-768x497.jpg 768w, https:\/\/www.watermarktheatre.com\/wp-content\/uploads\/2022\/04\/WatermarkEducating_2022-social-02-1536x993.jpg 1536w, https:\/\/www.watermarktheatre.com\/wp-content\/uploads\/2022\/04\/WatermarkEducating_2022-social-02.jpg 1913w\" sizes=\"auto, (max-width: 1024px) 100vw, 1024px\" \/><\/p>\n","protected":false},"excerpt":{"rendered":"<p>Educating Rita de Willy Russell, une pi\u00e8ce chaleureuse, amusante et intelligente au sujet des relations, des connexions et de la libert\u00e9, jouera du 12 au 30 juillet. L\u2019h\u00e9ro\u00efne, Rita, une &hellip; <a href=\"https:\/\/www.watermarktheatre.com\/fr\/educating-rita-by-willy-russell\/\">Continued<\/a><\/p>\n","protected":false},"author":2,"featured_media":0,"parent":0,"menu_order":0,"comment_status":"closed","ping_status":"closed","template":"","meta":{"footnotes":""},"class_list":["post-5696","page","type-page","status-publish","hentry"],"_links":{"self":[{"href":"https:\/\/www.watermarktheatre.com\/fr\/wp-json\/wp\/v2\/pages\/5696","targetHints":{"allow":["GET"]}}],"collection":[{"href":"https:\/\/www.watermarktheatre.com\/fr\/wp-json\/wp\/v2\/pages"}],"about":[{"href":"https:\/\/www.watermarktheatre.com\/fr\/wp-json\/wp\/v2\/types\/page"}],"author":[{"embeddable":true,"href":"https:\/\/www.watermarktheatre.com\/fr\/wp-json\/wp\/v2\/users\/2"}],"replies":[{"embeddable":true,"href":"https:\/\/www.watermarktheatre.com\/fr\/wp-json\/wp\/v2\/comments?post=5696"}],"version-history":[{"count":2,"href":"https:\/\/www.watermarktheatre.com\/fr\/wp-json\/wp\/v2\/pages\/5696\/revisions"}],"predecessor-version":[{"id":5804,"href":"https:\/\/www.watermarktheatre.com\/fr\/wp-json\/wp\/v2\/pages\/5696\/revisions\/5804"}],"wp:attachment":[{"href":"https:\/\/www.watermarktheatre.com\/fr\/wp-json\/wp\/v2\/media?parent=5696"}],"curies":[{"name":"wp","href":"https:\/\/api.w.org\/{rel}","templated":true}]}}