{"id":5146,"date":"2020-08-27T10:41:21","date_gmt":"2020-08-27T13:41:21","guid":{"rendered":"https:\/\/watermarktheatre.com\/laura-nicholson\/"},"modified":"2021-05-18T11:30:07","modified_gmt":"2021-05-18T14:30:07","slug":"laura-nicholson","status":"publish","type":"page","link":"https:\/\/www.watermarktheatre.com\/fr\/laura-nicholson\/","title":{"rendered":"Laura Nicholson"},"content":{"rendered":"<p>Laura habite Charlottetown et elle est avocate principale au minist\u00e8re f\u00e9d\u00e9ral de la Justice. Laura est un grand amateur des arts et elle soutient le Watermark Theatre depuis longtemps. Elle anticipe avec plaisir cette occasion de servir l\u2019organisation.<\/p>\n","protected":false},"excerpt":{"rendered":"<p>Laura habite Charlottetown et elle est avocate principale au minist\u00e8re f\u00e9d\u00e9ral de la Justice. Laura est un grand amateur des arts et elle soutient le Watermark Theatre depuis longtemps. Elle &hellip; <a href=\"https:\/\/www.watermarktheatre.com\/fr\/laura-nicholson\/\">Continued<\/a><\/p>\n","protected":false},"author":2,"featured_media":0,"parent":0,"menu_order":0,"comment_status":"closed","ping_status":"closed","template":"","meta":{"footnotes":""},"class_list":["post-5146","page","type-page","status-publish","hentry"],"_links":{"self":[{"href":"https:\/\/www.watermarktheatre.com\/fr\/wp-json\/wp\/v2\/pages\/5146","targetHints":{"allow":["GET"]}}],"collection":[{"href":"https:\/\/www.watermarktheatre.com\/fr\/wp-json\/wp\/v2\/pages"}],"about":[{"href":"https:\/\/www.watermarktheatre.com\/fr\/wp-json\/wp\/v2\/types\/page"}],"author":[{"embeddable":true,"href":"https:\/\/www.watermarktheatre.com\/fr\/wp-json\/wp\/v2\/users\/2"}],"replies":[{"embeddable":true,"href":"https:\/\/www.watermarktheatre.com\/fr\/wp-json\/wp\/v2\/comments?post=5146"}],"version-history":[{"count":1,"href":"https:\/\/www.watermarktheatre.com\/fr\/wp-json\/wp\/v2\/pages\/5146\/revisions"}],"predecessor-version":[{"id":5147,"href":"https:\/\/www.watermarktheatre.com\/fr\/wp-json\/wp\/v2\/pages\/5146\/revisions\/5147"}],"wp:attachment":[{"href":"https:\/\/www.watermarktheatre.com\/fr\/wp-json\/wp\/v2\/media?parent=5146"}],"curies":[{"name":"wp","href":"https:\/\/api.w.org\/{rel}","templated":true}]}}