{"id":5142,"date":"2020-08-27T10:45:04","date_gmt":"2020-08-27T13:45:04","guid":{"rendered":"https:\/\/watermarktheatre.com\/pape-sine\/"},"modified":"2021-05-18T11:27:53","modified_gmt":"2021-05-18T14:27:53","slug":"pape-sine","status":"publish","type":"page","link":"https:\/\/www.watermarktheatre.com\/fr\/pape-sine\/","title":{"rendered":"Pape Sine"},"content":{"rendered":"<p>Je viens du S\u00e9n\u00e9gal en Afrique de l\u2019Ouest, et j\u2019habite le Canada depuis 2008. Je suis devenue citoyen canadien en 2018. J\u2019ai pass\u00e9 le plus clair de ma vie \u00abcanadienne\u00bb en Atlantique et je suis fier de dire que l\u2019\u00cele, c\u2019est chez moi. Dans ma vie professionnelle je me sp\u00e9cialise surtout dans la cha\u00eene d\u2019approvisionnement et la passation des march\u00e9s dans le secteur manufacturier. En ce qui concerne mes loisirs, j\u2019aime cuisiner, assister aux expositions locales des arts et du th\u00e9\u00e2tre et chanter tant bien que mal des chansons de th\u00e9\u00e2tre. En raison de mes efforts au sein des organismes sans but lucratif, et de mon travail r\u00e9cent d\u2019expert-conseil pour la PEI Symphony, je connais tr\u00e8s bien le r\u00f4le et les responsabilit\u00e9s fiduciaires des membres du Conseil. Je suis ravi de pouvoir me joindre \u00e0 l\u2019\u00e9quipe du Watermark.<\/p>\n","protected":false},"excerpt":{"rendered":"<p>Je viens du S\u00e9n\u00e9gal en Afrique de l\u2019Ouest, et j\u2019habite le Canada depuis 2008. Je suis devenue citoyen canadien en 2018. J\u2019ai pass\u00e9 le plus clair de ma vie \u00abcanadienne\u00bb &hellip; <a href=\"https:\/\/www.watermarktheatre.com\/fr\/pape-sine\/\">Continued<\/a><\/p>\n","protected":false},"author":2,"featured_media":0,"parent":0,"menu_order":0,"comment_status":"closed","ping_status":"closed","template":"","meta":{"footnotes":""},"class_list":["post-5142","page","type-page","status-publish","hentry"],"_links":{"self":[{"href":"https:\/\/www.watermarktheatre.com\/fr\/wp-json\/wp\/v2\/pages\/5142","targetHints":{"allow":["GET"]}}],"collection":[{"href":"https:\/\/www.watermarktheatre.com\/fr\/wp-json\/wp\/v2\/pages"}],"about":[{"href":"https:\/\/www.watermarktheatre.com\/fr\/wp-json\/wp\/v2\/types\/page"}],"author":[{"embeddable":true,"href":"https:\/\/www.watermarktheatre.com\/fr\/wp-json\/wp\/v2\/users\/2"}],"replies":[{"embeddable":true,"href":"https:\/\/www.watermarktheatre.com\/fr\/wp-json\/wp\/v2\/comments?post=5142"}],"version-history":[{"count":1,"href":"https:\/\/www.watermarktheatre.com\/fr\/wp-json\/wp\/v2\/pages\/5142\/revisions"}],"predecessor-version":[{"id":5143,"href":"https:\/\/www.watermarktheatre.com\/fr\/wp-json\/wp\/v2\/pages\/5142\/revisions\/5143"}],"wp:attachment":[{"href":"https:\/\/www.watermarktheatre.com\/fr\/wp-json\/wp\/v2\/media?parent=5142"}],"curies":[{"name":"wp","href":"https:\/\/api.w.org\/{rel}","templated":true}]}}