{"id":5138,"date":"2021-05-13T17:03:33","date_gmt":"2021-05-13T20:03:33","guid":{"rendered":"https:\/\/watermarktheatre.com\/cory-sincennes\/"},"modified":"2023-05-06T15:24:08","modified_gmt":"2023-05-06T18:24:08","slug":"cory-sincennes","status":"publish","type":"page","link":"https:\/\/www.watermarktheatre.com\/fr\/cory-sincennes\/","title":{"rendered":"Cory Sincennes"},"content":{"rendered":"<p><strong>Sc\u00e9nariste &#8211; Steel Magnolias et Gaslight<\/strong><\/p>\n<p>Cory est un designer prim\u00e9 qui habite actuellement Charlottetown (\u00ceP\u00c9). Son \u0153uvre est reconnue ici et \u00e0 l\u2019\u00e9tranger, car il a travaill\u00e9 au Canada, en Europe et en Russie. Il d\u00e9tient le grade de MFA en conception th\u00e9\u00e2trale d\u00e9cern\u00e9 par l\u2019University of Alberta. Quelques projets r\u00e9cents : Anne of Green Gables; Evangeline; Jesus Christ, Superstar; Mamma Mia (Festival de Charlottetown); Shakespeare in Love; A Christmas Carol; Matilda; Romeo and Juliet (Citadel Theatre); I Think I&rsquo;m Falling; Puttin\u2019 on the Ritz (Belfry Theatre); The Secret Garden; The Louder We Get; Billy Elliot; Bad Jews; Liberation Days (Theatre Calgary); Next to Normal; Mary Poppins; Crazy For You (Theatre Calgary\/Citadel Theatre). www.corysincennes.com<\/p>\n","protected":false},"excerpt":{"rendered":"<p>Sc\u00e9nariste &#8211; Steel Magnolias et Gaslight Cory est un designer prim\u00e9 qui habite actuellement Charlottetown (\u00ceP\u00c9). Son \u0153uvre est reconnue ici et \u00e0 l\u2019\u00e9tranger, car il a travaill\u00e9 au Canada, &hellip; <a href=\"https:\/\/www.watermarktheatre.com\/fr\/cory-sincennes\/\">Continued<\/a><\/p>\n","protected":false},"author":2,"featured_media":0,"parent":0,"menu_order":0,"comment_status":"closed","ping_status":"closed","template":"","meta":{"footnotes":""},"class_list":["post-5138","page","type-page","status-publish","hentry"],"_links":{"self":[{"href":"https:\/\/www.watermarktheatre.com\/fr\/wp-json\/wp\/v2\/pages\/5138","targetHints":{"allow":["GET"]}}],"collection":[{"href":"https:\/\/www.watermarktheatre.com\/fr\/wp-json\/wp\/v2\/pages"}],"about":[{"href":"https:\/\/www.watermarktheatre.com\/fr\/wp-json\/wp\/v2\/types\/page"}],"author":[{"embeddable":true,"href":"https:\/\/www.watermarktheatre.com\/fr\/wp-json\/wp\/v2\/users\/2"}],"replies":[{"embeddable":true,"href":"https:\/\/www.watermarktheatre.com\/fr\/wp-json\/wp\/v2\/comments?post=5138"}],"version-history":[{"count":4,"href":"https:\/\/www.watermarktheatre.com\/fr\/wp-json\/wp\/v2\/pages\/5138\/revisions"}],"predecessor-version":[{"id":6477,"href":"https:\/\/www.watermarktheatre.com\/fr\/wp-json\/wp\/v2\/pages\/5138\/revisions\/6477"}],"wp:attachment":[{"href":"https:\/\/www.watermarktheatre.com\/fr\/wp-json\/wp\/v2\/media?parent=5138"}],"curies":[{"name":"wp","href":"https:\/\/api.w.org\/{rel}","templated":true}]}}