{"id":5134,"date":"2021-05-13T17:01:04","date_gmt":"2021-05-13T20:01:04","guid":{"rendered":"https:\/\/watermarktheatre.com\/jay-northcott\/"},"modified":"2021-05-18T11:23:09","modified_gmt":"2021-05-18T14:23:09","slug":"jay-northcott","status":"publish","type":"page","link":"https:\/\/www.watermarktheatre.com\/fr\/jay-northcott\/","title":{"rendered":"Jay Northcott"},"content":{"rendered":"<p><img loading=\"lazy\" decoding=\"async\" class=\"wp-image-5107 alignleft\" src=\"http:\/\/watermarktheatre.com\/wp-content\/uploads\/2021\/05\/Headshot-Jay-Northcott-240x300.jpg\" alt=\"\" width=\"122\" height=\"153\" srcset=\"https:\/\/www.watermarktheatre.com\/wp-content\/uploads\/2021\/05\/Headshot-Jay-Northcott-240x300.jpg 240w, https:\/\/www.watermarktheatre.com\/wp-content\/uploads\/2021\/05\/Headshot-Jay-Northcott-819x1024.jpg 819w, https:\/\/www.watermarktheatre.com\/wp-content\/uploads\/2021\/05\/Headshot-Jay-Northcott-768x960.jpg 768w, https:\/\/www.watermarktheatre.com\/wp-content\/uploads\/2021\/05\/Headshot-Jay-Northcott-1229x1536.jpg 1229w, https:\/\/www.watermarktheatre.com\/wp-content\/uploads\/2021\/05\/Headshot-Jay-Northcott-1638x2048.jpg 1638w, https:\/\/www.watermarktheatre.com\/wp-content\/uploads\/2021\/05\/Headshot-Jay-Northcott-scaled.jpg 2048w\" sizes=\"auto, (max-width: 122px) 100vw, 122px\" \/><strong>Metteur en sc\u00e8ne &#8211; Cottagers and Indians<\/strong><\/p>\n<p>Jay Northcott est artiste multidisciplinaire \u0153uvrant dans les domaines de la direction, de la r\u00e9daction des sc\u00e9narios, de la danse burlesque et de la r\u00e9alisation. Jay t\u00e2che de d\u00e9coloniser son art et sa pratique et fonde son \u0153uvre sur le conte, le mouvement et les gestes. Jay continue \u00e0 s\u2019\u00e9panouir et se fait un devoir de mettre en valeur des projets qui valorisent les artistes PANDC et queer.<\/p>\n<p>R\u00f4les pass\u00e9s : White Muscle Daddy (Pencil Kit Production), Blacktop Sky (Obsidian Theatre), Passover (Obsidian Theatre, DA), Sweat (Arts Club &amp; Citadel Theatre, DA), Scarlet Letter (Theatre Calgary, DA), Iphigenia and the Furies (Saga Collectif, DA), Cows (Theatre Junction).<\/p>\n","protected":false},"excerpt":{"rendered":"<p>Metteur en sc\u00e8ne &#8211; Cottagers and Indians Jay Northcott est artiste multidisciplinaire \u0153uvrant dans les domaines de la direction, de la r\u00e9daction des sc\u00e9narios, de la danse burlesque et de &hellip; <a href=\"https:\/\/www.watermarktheatre.com\/fr\/jay-northcott\/\">Continued<\/a><\/p>\n","protected":false},"author":2,"featured_media":0,"parent":0,"menu_order":0,"comment_status":"closed","ping_status":"closed","template":"","meta":{"footnotes":""},"class_list":["post-5134","page","type-page","status-publish","hentry"],"_links":{"self":[{"href":"https:\/\/www.watermarktheatre.com\/fr\/wp-json\/wp\/v2\/pages\/5134","targetHints":{"allow":["GET"]}}],"collection":[{"href":"https:\/\/www.watermarktheatre.com\/fr\/wp-json\/wp\/v2\/pages"}],"about":[{"href":"https:\/\/www.watermarktheatre.com\/fr\/wp-json\/wp\/v2\/types\/page"}],"author":[{"embeddable":true,"href":"https:\/\/www.watermarktheatre.com\/fr\/wp-json\/wp\/v2\/users\/2"}],"replies":[{"embeddable":true,"href":"https:\/\/www.watermarktheatre.com\/fr\/wp-json\/wp\/v2\/comments?post=5134"}],"version-history":[{"count":2,"href":"https:\/\/www.watermarktheatre.com\/fr\/wp-json\/wp\/v2\/pages\/5134\/revisions"}],"predecessor-version":[{"id":5136,"href":"https:\/\/www.watermarktheatre.com\/fr\/wp-json\/wp\/v2\/pages\/5134\/revisions\/5136"}],"wp:attachment":[{"href":"https:\/\/www.watermarktheatre.com\/fr\/wp-json\/wp\/v2\/media?parent=5134"}],"curies":[{"name":"wp","href":"https:\/\/api.w.org\/{rel}","templated":true}]}}