{"id":5118,"date":"2021-05-13T16:51:54","date_gmt":"2021-05-13T19:51:54","guid":{"rendered":"https:\/\/watermarktheatre.com\/richard-clarkin\/"},"modified":"2021-05-18T11:41:10","modified_gmt":"2021-05-18T14:41:10","slug":"richard-clarkin","status":"publish","type":"page","link":"https:\/\/www.watermarktheatre.com\/fr\/richard-clarkin\/","title":{"rendered":"Richard Clarkin"},"content":{"rendered":"<p><img loading=\"lazy\" decoding=\"async\" class=\"wp-image-5091 alignleft\" src=\"http:\/\/watermarktheatre.com\/wp-content\/uploads\/2021\/05\/Richard-Clarkin-Headshot-2-300x222.jpg\" alt=\"\" width=\"159\" height=\"118\" srcset=\"https:\/\/www.watermarktheatre.com\/wp-content\/uploads\/2021\/05\/Richard-Clarkin-Headshot-2-300x222.jpg 300w, https:\/\/www.watermarktheatre.com\/wp-content\/uploads\/2021\/05\/Richard-Clarkin-Headshot-2-1024x758.jpg 1024w, https:\/\/www.watermarktheatre.com\/wp-content\/uploads\/2021\/05\/Richard-Clarkin-Headshot-2-768x568.jpg 768w, https:\/\/www.watermarktheatre.com\/wp-content\/uploads\/2021\/05\/Richard-Clarkin-Headshot-2-1536x1137.jpg 1536w, https:\/\/www.watermarktheatre.com\/wp-content\/uploads\/2021\/05\/Richard-Clarkin-Headshot-2.jpg 2000w\" sizes=\"auto, (max-width: 159px) 100vw, 159px\" \/><\/p>\n<p><strong>Weller Martin dans The Gin Game<\/strong><\/p>\n<p>Richard Clarkin est un artiste prim\u00e9 et d\u00e9tient un dipl\u00f4me de l\u2019\u00c9cole nationale de th\u00e9\u00e2tre du Canada. Il a cr\u00e9\u00e9 tout une gamme de personnages, tous diff\u00e9rents les uns des autres, sur sc\u00e8ne et au cin\u00e9ma. Clarkin a commenc\u00e9 son cheminement d\u2019acteur en 1984 quand il a incarn\u00e9 pour la premi\u00e8re fois \u00abJacob Mercer\u00bb dans la pi\u00e8ce vedette de David French, Salt Water Moon, au Tarragon Theatre \u00e0 Toronto. Plus r\u00e9cemment, aussi chez Tarragon, Clarkin a jou\u00e9 \u00abM\u00e9n\u00e9las\u00bb dans l\u2019adaptation par Rick Robert d\u2019Orestes. C\u2019\u00e9tait une prestation num\u00e9rique pour l\u2019\u00e8re de la pand\u00e9mie, et une premi\u00e8re du genre pour le th\u00e9\u00e2tre. Clarkin a jou\u00e9 dans des com\u00e9dies musicales de grande envergure, comme Jukebox Hero et le succ\u00e8s de longue date Disney\/Mirvish The Lion King, o\u00f9 il a incarn\u00e9 \u00abScar\u00bb. Clarkin s\u2019est associ\u00e9 pendant de longues ann\u00e9es avec des groupes c\u00e9l\u00e8bres comme VideoCab et le Company Theatre \u00e0 Toronto. Il a jou\u00e9 des r\u00f4les principaux au sein de troupes bien reconnues partout au Canada, dont les Stratford Festival, Soulpepper Theatre, Necessary Angel, Grand Theatre, Atlantic Theatre Festival, Royal Manitoba Theatre Centre, Prairie Theatre Exchange, The Globe Theatre, Citadel, Centre national des Arts et The Belfry.<\/p>\n<p>En 2018, Clarkin a gagn\u00e9 le prix de l\u2019Interpr\u00e9tation masculine dans un r\u00f4le de soutien dans un long m\u00e9trage d\u00e9cern\u00e9 par l\u2019Acad\u00e9mie canadienne du cin\u00e9ma et de la t\u00e9l\u00e9vision pour sa prestation dans The Drawer Boy. Parmi ses autres r\u00f4les au cin\u00e9ma notons ceux du \u00abCapitaine Gord Ogilvey\u00bb dans les com\u00e9dies \u00e0 succ\u00e8s sur le hockey Goon et Goon II: Last of the Enforcers, r\u00e9alis\u00e9es par Michael Dowse. Plus r\u00e9cemment, il a figur\u00e9 dans Stardust, une biographie de David Bowie, et dans Carmen, qui sera bient\u00f4t \u00e0 l\u2019affiche, avec Natasha McElhone. Clarkin a figur\u00e9 dans un grand nombre de s\u00e9ries t\u00e9l\u00e9vis\u00e9es, dont Murdoch Mysteries (CBC), o\u00f9 il a incarn\u00e9 le personnage r\u00e9current de \u00abl\u2019inspecteur en chef Davis\u00bb, Burden of Truth (CBC), Rogue (Audience), Killjoys (Syfy), Republic of Doyle (CBC) et Flashpoint (CBS\/CTV). Il a aussi jou\u00e9 un r\u00f4le r\u00e9gulier dans la com\u00e9die populaire pour ados Naturally, Sadie, diffus\u00e9 sur le Disney Channel et le Family Channel.<\/p>\n<p>Clarkin vit tant\u00f4t \u00e0 Toronto, tant\u00f4t \u00e0 l\u2019\u00ceP\u00c9. Il a de fortes racines sur l\u2019\u00cele. En effet, il est propri\u00e9taire d\u2019une vieille maison de ferme \u00e0 Savage Harbour et ses parents viennent des communaut\u00e9s agricoles de Kelly\u2019s Cross et de Watervale.<\/p>\n","protected":false},"excerpt":{"rendered":"<p>Weller Martin dans The Gin Game Richard Clarkin est un artiste prim\u00e9 et d\u00e9tient un dipl\u00f4me de l\u2019\u00c9cole nationale de th\u00e9\u00e2tre du Canada. Il a cr\u00e9\u00e9 tout une gamme de &hellip; <a href=\"https:\/\/www.watermarktheatre.com\/fr\/richard-clarkin\/\">Continued<\/a><\/p>\n","protected":false},"author":2,"featured_media":0,"parent":0,"menu_order":0,"comment_status":"closed","ping_status":"closed","template":"","meta":{"footnotes":""},"class_list":["post-5118","page","type-page","status-publish","hentry"],"_links":{"self":[{"href":"https:\/\/www.watermarktheatre.com\/fr\/wp-json\/wp\/v2\/pages\/5118","targetHints":{"allow":["GET"]}}],"collection":[{"href":"https:\/\/www.watermarktheatre.com\/fr\/wp-json\/wp\/v2\/pages"}],"about":[{"href":"https:\/\/www.watermarktheatre.com\/fr\/wp-json\/wp\/v2\/types\/page"}],"author":[{"embeddable":true,"href":"https:\/\/www.watermarktheatre.com\/fr\/wp-json\/wp\/v2\/users\/2"}],"replies":[{"embeddable":true,"href":"https:\/\/www.watermarktheatre.com\/fr\/wp-json\/wp\/v2\/comments?post=5118"}],"version-history":[{"count":3,"href":"https:\/\/www.watermarktheatre.com\/fr\/wp-json\/wp\/v2\/pages\/5118\/revisions"}],"predecessor-version":[{"id":5151,"href":"https:\/\/www.watermarktheatre.com\/fr\/wp-json\/wp\/v2\/pages\/5118\/revisions\/5151"}],"wp:attachment":[{"href":"https:\/\/www.watermarktheatre.com\/fr\/wp-json\/wp\/v2\/media?parent=5118"}],"curies":[{"name":"wp","href":"https:\/\/api.w.org\/{rel}","templated":true}]}}