{"id":5061,"date":"2021-04-23T11:12:07","date_gmt":"2021-04-23T14:12:07","guid":{"rendered":"https:\/\/watermarktheatre.com\/?page_id=5061"},"modified":"2021-06-30T03:47:31","modified_gmt":"2021-06-30T06:47:31","slug":"the-gin-game-d-l-coburn","status":"publish","type":"page","link":"https:\/\/www.watermarktheatre.com\/fr\/on-stage\/the-gin-game-d-l-coburn\/","title":{"rendered":"The Gin Game &#8211; D.L. Coburn"},"content":{"rendered":"<p><b>The Gin Game<\/b><span style=\"font-weight: 400;\"> a gagn\u00e9 le Prix Pulitzer du th\u00e9\u00e2tre en 1978 et se sert d\u2019un jeu de cartes comme m\u00e9taphore pour la vie. Weller Martin (incarn\u00e9 par Hume Cronyn dans la version originale) joue \u00e0 la patience sur la galerie d\u2019un foyer de soins un peu d\u00e9labr\u00e9. Arrive Fonsia Dorsey, une dame mani\u00e9r\u00e9e et moralisatrice (Jessica Tandy dans l\u2019original). Ils d\u00e9couvrent qu\u2019ils d\u00e9testent tous les deux le foyer de soins et qu\u2019ils aiment tous les deux jouer au gin-rummy. En jouant ils d\u00e9voilent des d\u00e9tails intimes de leurs vies. <\/span><i><span style=\"font-weight: 400;\">The Gin Game<\/span><\/i><span style=\"font-weight: 400;\"> sera \u00e0 l\u2019affiche du 13 au 31 juillet.<\/span><\/p>\n<p><img loading=\"lazy\" decoding=\"async\" class=\"aligncenter  wp-image-5183\" src=\"http:\/\/watermarktheatre.com\/wp-content\/uploads\/2021\/06\/Gin-Game-Poster-200x300.jpg\" alt=\"\" width=\"430\" height=\"645\" srcset=\"https:\/\/www.watermarktheatre.com\/wp-content\/uploads\/2021\/06\/Gin-Game-Poster-200x300.jpg 200w, https:\/\/www.watermarktheatre.com\/wp-content\/uploads\/2021\/06\/Gin-Game-Poster-1022x1536.jpg 1022w, https:\/\/www.watermarktheatre.com\/wp-content\/uploads\/2021\/06\/Gin-Game-Poster-scaled.jpg 1703w\" sizes=\"auto, (max-width: 430px) 100vw, 430px\" \/><\/p>\n","protected":false},"excerpt":{"rendered":"<p>The Gin Game a gagn\u00e9 le Prix Pulitzer du th\u00e9\u00e2tre en 1978 et se sert d\u2019un jeu de cartes comme m\u00e9taphore pour la vie. Weller Martin (incarn\u00e9 par Hume Cronyn &hellip; <a href=\"https:\/\/www.watermarktheatre.com\/fr\/on-stage\/the-gin-game-d-l-coburn\/\">Continued<\/a><\/p>\n","protected":false},"author":3,"featured_media":0,"parent":883,"menu_order":0,"comment_status":"closed","ping_status":"closed","template":"","meta":{"footnotes":""},"class_list":["post-5061","page","type-page","status-publish","hentry"],"_links":{"self":[{"href":"https:\/\/www.watermarktheatre.com\/fr\/wp-json\/wp\/v2\/pages\/5061","targetHints":{"allow":["GET"]}}],"collection":[{"href":"https:\/\/www.watermarktheatre.com\/fr\/wp-json\/wp\/v2\/pages"}],"about":[{"href":"https:\/\/www.watermarktheatre.com\/fr\/wp-json\/wp\/v2\/types\/page"}],"author":[{"embeddable":true,"href":"https:\/\/www.watermarktheatre.com\/fr\/wp-json\/wp\/v2\/users\/3"}],"replies":[{"embeddable":true,"href":"https:\/\/www.watermarktheatre.com\/fr\/wp-json\/wp\/v2\/comments?post=5061"}],"version-history":[{"count":3,"href":"https:\/\/www.watermarktheatre.com\/fr\/wp-json\/wp\/v2\/pages\/5061\/revisions"}],"predecessor-version":[{"id":5188,"href":"https:\/\/www.watermarktheatre.com\/fr\/wp-json\/wp\/v2\/pages\/5061\/revisions\/5188"}],"up":[{"embeddable":true,"href":"https:\/\/www.watermarktheatre.com\/fr\/wp-json\/wp\/v2\/pages\/883"}],"wp:attachment":[{"href":"https:\/\/www.watermarktheatre.com\/fr\/wp-json\/wp\/v2\/media?parent=5061"}],"curies":[{"name":"wp","href":"https:\/\/api.w.org\/{rel}","templated":true}]}}