{"id":5058,"date":"2021-04-23T11:08:35","date_gmt":"2021-04-23T14:08:35","guid":{"rendered":"https:\/\/watermarktheatre.com\/?page_id=5058"},"modified":"2021-08-24T13:39:17","modified_gmt":"2021-08-24T16:39:17","slug":"cottagers-and-indians-par-drew-hayden-taylor","status":"publish","type":"page","link":"https:\/\/www.watermarktheatre.com\/fr\/on-stage\/cottagers-and-indians-par-drew-hayden-taylor\/","title":{"rendered":"COTTAGERS AND INDIANS &#8211; DREW HAYDEN TAYLOR"},"content":{"rendered":"<p><span style=\"font-weight: 400;\">Dans la pi\u00e8ce <\/span><b>Cottagers and Indians<\/b><span style=\"font-weight: 400;\">, le riz sauvage est \u00e0 l\u2019origine d\u2019une bataille entre un agriculteur autochtone et un blanc propri\u00e9taire de chalet. <\/span><i><span style=\"font-weight: 400;\">Cottagers and Indians <\/span><\/i><span style=\"font-weight: 400;\">est racont\u00e9e avec chaleur et dr\u00f4lerie, et elle touche les enjeux de communaut\u00e9, de respect et de propri\u00e9t\u00e9\u00a0: une histoire toute faite pour notre \u00e9poque, quoi! <\/span><i><span style=\"font-weight: 400;\">Cottagers and Indians<\/span><\/i><span style=\"font-weight: 400;\"> sera \u00e0 l\u2019affiche du 10 au 28 ao\u00fbt.<\/span><\/p>\n<p><img loading=\"lazy\" decoding=\"async\" class=\"aligncenter wp-image-5186\" src=\"http:\/\/watermarktheatre.com\/wp-content\/uploads\/2021\/06\/Cottagers-Poster-200x300.jpg\" alt=\"\" width=\"474\" height=\"711\" srcset=\"https:\/\/www.watermarktheatre.com\/wp-content\/uploads\/2021\/06\/Cottagers-Poster-200x300.jpg 200w, https:\/\/www.watermarktheatre.com\/wp-content\/uploads\/2021\/06\/Cottagers-Poster-1022x1536.jpg 1022w\" sizes=\"auto, (max-width: 474px) 100vw, 474px\" \/><\/p>\n","protected":false},"excerpt":{"rendered":"<p>Dans la pi\u00e8ce Cottagers and Indians, le riz sauvage est \u00e0 l\u2019origine d\u2019une bataille entre un agriculteur autochtone et un blanc propri\u00e9taire de chalet. Cottagers and Indians est racont\u00e9e avec &hellip; <a href=\"https:\/\/www.watermarktheatre.com\/fr\/on-stage\/cottagers-and-indians-par-drew-hayden-taylor\/\">Continued<\/a><\/p>\n","protected":false},"author":3,"featured_media":0,"parent":883,"menu_order":0,"comment_status":"closed","ping_status":"closed","template":"","meta":{"footnotes":""},"class_list":["post-5058","page","type-page","status-publish","hentry"],"_links":{"self":[{"href":"https:\/\/www.watermarktheatre.com\/fr\/wp-json\/wp\/v2\/pages\/5058","targetHints":{"allow":["GET"]}}],"collection":[{"href":"https:\/\/www.watermarktheatre.com\/fr\/wp-json\/wp\/v2\/pages"}],"about":[{"href":"https:\/\/www.watermarktheatre.com\/fr\/wp-json\/wp\/v2\/types\/page"}],"author":[{"embeddable":true,"href":"https:\/\/www.watermarktheatre.com\/fr\/wp-json\/wp\/v2\/users\/3"}],"replies":[{"embeddable":true,"href":"https:\/\/www.watermarktheatre.com\/fr\/wp-json\/wp\/v2\/comments?post=5058"}],"version-history":[{"count":5,"href":"https:\/\/www.watermarktheatre.com\/fr\/wp-json\/wp\/v2\/pages\/5058\/revisions"}],"predecessor-version":[{"id":5218,"href":"https:\/\/www.watermarktheatre.com\/fr\/wp-json\/wp\/v2\/pages\/5058\/revisions\/5218"}],"up":[{"embeddable":true,"href":"https:\/\/www.watermarktheatre.com\/fr\/wp-json\/wp\/v2\/pages\/883"}],"wp:attachment":[{"href":"https:\/\/www.watermarktheatre.com\/fr\/wp-json\/wp\/v2\/media?parent=5058"}],"curies":[{"name":"wp","href":"https:\/\/api.w.org\/{rel}","templated":true}]}}