{"id":4534,"date":"2020-03-24T15:10:05","date_gmt":"2020-03-24T15:10:05","guid":{"rendered":"https:\/\/watermarktheatre.com\/?page_id=4534"},"modified":"2022-05-17T16:12:07","modified_gmt":"2022-05-17T19:12:07","slug":"4534-2","status":"publish","type":"page","link":"https:\/\/www.watermarktheatre.com\/fr\/4534-2\/","title":{"rendered":"Wally MacKinnon"},"content":{"rendered":"<p><strong>Angus dans The Drawer Boy<\/strong><\/p>\n<p><strong>Wally <\/strong>est un acteur prim\u00e9 qui r\u00e9jouit le public depuis plus de 30 ans dans des productions th\u00e9\u00e2trales, cin\u00e9matiques et t\u00e9l\u00e9visuelles.<\/p>\n<p>Sa derni\u00e8re mission comme directeur \u00e9tait <em>Murder on the Orient Express<\/em> au Theatre Antigonish, mais il faut mentionner aussi\u00a0: <em>Village Wooing, The Importance of Being Ernest<\/em> (Montgomery Theatre), <em>Anne &amp; Gilbert<\/em> (Jubilee Theatre), <em>The Birds &amp; The Bees, The Drawer Boy<\/em> (Victoria Playhouse), <em>KAMP<\/em> (ETF\/Neptune), <em>Flying on Her Own<\/em> (Neptune), <em>Any Given Moment<\/em> \u2013 candidature MERIT &#8211; <em>Storm Warning, Don\u2019t Dress for Dinner, Robinhood<\/em> (Festival Antigonish), <em>Ethan Claymore, The Hobbit, Skin Flick, Dear Santa, Cricket on the Hearth, The Dollar Woman<\/em> (Th\u00e9\u00e2tre Nouveau-Brunswick), <em>The Chairmaker, Diligent River Daughter, Jacob\u2019s Wake, Miles From Home, The Net<\/em> (Ship\u2019s Company Theatre), <em>Billy Bishop Goes to War, Murder in the Cathedral<\/em> (Stephenville Festival).<\/p>\n<p>Au cin\u00e9ma, mentionnons les \u0153uvres suivantes\u00a0: the<em> Phantoms <\/em>(couronn\u00e9 par le Prix Emmy international)<em>, Canada Russia 72, Copperhead, Frozen with Fear, Black Swan, The 4th Floor<\/em>.<\/p>\n<p><span style=\"font-weight: 400;\">Wally a \u00e9t\u00e9 directeur de plusieurs autres prestations. Il est professeur d\u2019art dramatique et musicien. <a href=\"http:\/\/www.WallyMacKinnon.com\">www.WallyMacKinnon.com<\/a>.<\/span><\/p>\n<p><img loading=\"lazy\" decoding=\"async\" class=\"aligncenter size-medium wp-image-5900\" src=\"http:\/\/watermarktheatre.com\/wp-content\/uploads\/2022\/05\/Wally-MacKinnon-232x300.jpg\" alt=\"\" width=\"232\" height=\"300\" srcset=\"https:\/\/www.watermarktheatre.com\/wp-content\/uploads\/2022\/05\/Wally-MacKinnon-232x300.jpg 232w, https:\/\/www.watermarktheatre.com\/wp-content\/uploads\/2022\/05\/Wally-MacKinnon-791x1024.jpg 791w, https:\/\/www.watermarktheatre.com\/wp-content\/uploads\/2022\/05\/Wally-MacKinnon-768x994.jpg 768w, https:\/\/www.watermarktheatre.com\/wp-content\/uploads\/2022\/05\/Wally-MacKinnon-1187x1536.jpg 1187w, https:\/\/www.watermarktheatre.com\/wp-content\/uploads\/2022\/05\/Wally-MacKinnon-1583x2048.jpg 1583w, https:\/\/www.watermarktheatre.com\/wp-content\/uploads\/2022\/05\/Wally-MacKinnon.jpg 1870w\" sizes=\"auto, (max-width: 232px) 100vw, 232px\" \/><\/p>\n","protected":false},"excerpt":{"rendered":"<p>Angus dans The Drawer Boy Wally est un acteur prim\u00e9 qui r\u00e9jouit le public depuis plus de 30 ans dans des productions th\u00e9\u00e2trales, cin\u00e9matiques et t\u00e9l\u00e9visuelles. Sa derni\u00e8re mission comme &hellip; <a href=\"https:\/\/www.watermarktheatre.com\/fr\/4534-2\/\">Continued<\/a><\/p>\n","protected":false},"author":3,"featured_media":0,"parent":0,"menu_order":0,"comment_status":"closed","ping_status":"closed","template":"","meta":{"footnotes":""},"class_list":["post-4534","page","type-page","status-publish","hentry"],"_links":{"self":[{"href":"https:\/\/www.watermarktheatre.com\/fr\/wp-json\/wp\/v2\/pages\/4534","targetHints":{"allow":["GET"]}}],"collection":[{"href":"https:\/\/www.watermarktheatre.com\/fr\/wp-json\/wp\/v2\/pages"}],"about":[{"href":"https:\/\/www.watermarktheatre.com\/fr\/wp-json\/wp\/v2\/types\/page"}],"author":[{"embeddable":true,"href":"https:\/\/www.watermarktheatre.com\/fr\/wp-json\/wp\/v2\/users\/3"}],"replies":[{"embeddable":true,"href":"https:\/\/www.watermarktheatre.com\/fr\/wp-json\/wp\/v2\/comments?post=4534"}],"version-history":[{"count":6,"href":"https:\/\/www.watermarktheatre.com\/fr\/wp-json\/wp\/v2\/pages\/4534\/revisions"}],"predecessor-version":[{"id":5902,"href":"https:\/\/www.watermarktheatre.com\/fr\/wp-json\/wp\/v2\/pages\/4534\/revisions\/5902"}],"wp:attachment":[{"href":"https:\/\/www.watermarktheatre.com\/fr\/wp-json\/wp\/v2\/media?parent=4534"}],"curies":[{"name":"wp","href":"https:\/\/api.w.org\/{rel}","templated":true}]}}