{"id":3650,"date":"2018-11-09T15:06:15","date_gmt":"2018-11-09T15:06:15","guid":{"rendered":"https:\/\/watermarktheatre.com\/fr\/crimes-of-the-heart-by-beth-henley\/"},"modified":"2019-07-03T11:40:20","modified_gmt":"2019-07-03T11:40:20","slug":"crimes-of-the-heart-by-beth-henley","status":"publish","type":"page","link":"https:\/\/www.watermarktheatre.com\/fr\/crimes-of-the-heart-by-beth-henley\/","title":{"rendered":"Crimes of the Heart de Beth Henley"},"content":{"rendered":"<p><img loading=\"lazy\" decoding=\"async\" class=\"aligncenter wp-image-4065 size-large\" src=\"http:\/\/watermarktheatre.com\/wp-content\/uploads\/2018\/11\/Watermark2019-Posters-04-1024x1024.png\" alt=\"watermark2019-posters-04\" width=\"1024\" height=\"1024\" srcset=\"https:\/\/www.watermarktheatre.com\/wp-content\/uploads\/2018\/11\/Watermark2019-Posters-04-1024x1024.png 1024w, https:\/\/www.watermarktheatre.com\/wp-content\/uploads\/2018\/11\/Watermark2019-Posters-04-150x150.png 150w, https:\/\/www.watermarktheatre.com\/wp-content\/uploads\/2018\/11\/Watermark2019-Posters-04-300x300.png 300w, https:\/\/www.watermarktheatre.com\/wp-content\/uploads\/2018\/11\/Watermark2019-Posters-04-768x768.png 768w\" sizes=\"auto, (max-width: 1024px) 100vw, 1024px\" \/><strong>CRIMES OF THE HEART de Beth Henley<\/strong><\/p>\n<p><strong>Crimes of the Heart<\/strong> est une pi\u00e8ce qui a du c\u0153ur, ainsi qu\u2019un p\u2019tit brin d\u2019irr\u00e9v\u00e9rence, de zizanie et d\u2019imaginaire extraordinaire. Elle examine la situation d\u00e9sesp\u00e9r\u00e9e de trois jeunes s\u0153urs du Mississippi qui sont trahies par leurs passions. Cette pi\u00e8ce, qui a \u00e9t\u00e9 couronn\u00e9e du prix Pulitzer Prize ainsi que de celui du New York Drama Critics Circle, vous introduit chez les s\u0153urs Magrath au Mississippi. Babe vient de tirer sur son mari parce qu\u2019elle n\u2019en aimait pas la face. Meg revient apr\u00e8s une carri\u00e8re rat\u00e9e dans le milieu de la musique. Tout le monde a oubli\u00e9 que c\u2019est le 30<sup>e<\/sup> anniversaire de la pauvre Lenny. Au rythme de rires chaleureux et de moments touchants en famille, les s\u0153urs pardonnent le pass\u00e9, font face au pr\u00e9sent et s\u2019ouvrent \u00e0 l\u2019avenir dans ce classique du th\u00e9\u00e2tre contemporain am\u00e9ricain.<\/p>\n<p>\u00ab De temps en temps, une pi\u00e8ce vient r\u00e9animer notre foi dans notre th\u00e9\u00e2tre\u2026\u00a0\u00bb<\/p>\n<p><em>&#8211; NY Magazine.<\/em><\/p>\n","protected":false},"excerpt":{"rendered":"<p>CRIMES OF THE HEART de Beth Henley Crimes of the Heart est une pi\u00e8ce qui a du c\u0153ur, ainsi qu\u2019un p\u2019tit brin d\u2019irr\u00e9v\u00e9rence, de zizanie et d\u2019imaginaire extraordinaire. Elle examine &hellip; <a href=\"https:\/\/www.watermarktheatre.com\/fr\/crimes-of-the-heart-by-beth-henley\/\">Continued<\/a><\/p>\n","protected":false},"author":2,"featured_media":0,"parent":0,"menu_order":0,"comment_status":"closed","ping_status":"closed","template":"","meta":{"footnotes":""},"class_list":["post-3650","page","type-page","status-publish","hentry"],"_links":{"self":[{"href":"https:\/\/www.watermarktheatre.com\/fr\/wp-json\/wp\/v2\/pages\/3650","targetHints":{"allow":["GET"]}}],"collection":[{"href":"https:\/\/www.watermarktheatre.com\/fr\/wp-json\/wp\/v2\/pages"}],"about":[{"href":"https:\/\/www.watermarktheatre.com\/fr\/wp-json\/wp\/v2\/types\/page"}],"author":[{"embeddable":true,"href":"https:\/\/www.watermarktheatre.com\/fr\/wp-json\/wp\/v2\/users\/2"}],"replies":[{"embeddable":true,"href":"https:\/\/www.watermarktheatre.com\/fr\/wp-json\/wp\/v2\/comments?post=3650"}],"version-history":[{"count":3,"href":"https:\/\/www.watermarktheatre.com\/fr\/wp-json\/wp\/v2\/pages\/3650\/revisions"}],"predecessor-version":[{"id":4087,"href":"https:\/\/www.watermarktheatre.com\/fr\/wp-json\/wp\/v2\/pages\/3650\/revisions\/4087"}],"wp:attachment":[{"href":"https:\/\/www.watermarktheatre.com\/fr\/wp-json\/wp\/v2\/media?parent=3650"}],"curies":[{"name":"wp","href":"https:\/\/api.w.org\/{rel}","templated":true}]}}