{"id":3646,"date":"2018-11-09T15:04:16","date_gmt":"2018-11-09T15:04:16","guid":{"rendered":"https:\/\/watermarktheatre.com\/fr\/boeing-boeing-by-marc-camoletti\/"},"modified":"2019-07-03T11:41:55","modified_gmt":"2019-07-03T11:41:55","slug":"boeing-boeing-by-marc-camoletti","status":"publish","type":"page","link":"https:\/\/www.watermarktheatre.com\/fr\/boeing-boeing-by-marc-camoletti\/","title":{"rendered":"Boeing Boeing de Marc Camoletti"},"content":{"rendered":"<p><img loading=\"lazy\" decoding=\"async\" class=\"alignnone size-large wp-image-3913\" src=\"http:\/\/watermarktheatre.com\/wp-content\/uploads\/2018\/11\/Watermark2019-Posters-05-1024x656.png\" alt=\"watermark2019-posters-05\" width=\"1024\" height=\"656\" srcset=\"https:\/\/www.watermarktheatre.com\/wp-content\/uploads\/2018\/11\/Watermark2019-Posters-05-1024x656.png 1024w, https:\/\/www.watermarktheatre.com\/wp-content\/uploads\/2018\/11\/Watermark2019-Posters-05-300x192.png 300w, https:\/\/www.watermarktheatre.com\/wp-content\/uploads\/2018\/11\/Watermark2019-Posters-05-768x492.png 768w\" sizes=\"auto, (max-width: 1024px) 100vw, 1024px\" \/><\/p>\n<p><strong>BOEING BOEING de Marc Camoletti<\/strong><\/p>\n<p><strong>Traduire par: Beverley Cross et Francis Evans<\/strong><\/p>\n<p>Bouclez votre ceinture et pr\u00e9parez-vous \u00e0 un voyage mouvement\u00e9 au-del\u00e0 de vos atteintes! <strong>Boeing Boeing<\/strong> est une farce hilarante au sujet d\u2019un architecte d\u2019un grand succ\u00e8s, Bernard, qui a trois fianc\u00e9es, toutes des agentes de bord, soient une Am\u00e9ricaine, une Italienne et une Allemande. En raison de changements d\u2019horaire impr\u00e9vus, les trois arrivent \u00e0 Paris, et dans l\u2019appartement de Bernard, en m\u00eame temps. Bernard, sa bonne et son ami Robert, qui lui rend visite, doivent naviguer l\u2019atmosph\u00e8re turbulente qui en r\u00e9sulte. Vous rirez \u00e0 en perdre le souffle lors de cette aventure d\u2019envergure internationale.<\/p>\n<p>\u00ab\u00a0D\u2019une innocence d\u00e9licieuse et d\u00e9lirante. C\u2019est le plaisir pur et l\u2019extase sans bornes!\u00a0\u00bb<\/p>\n<p><em>\u2013 The New York Times <\/em><\/p>\n","protected":false},"excerpt":{"rendered":"<p>BOEING BOEING de Marc Camoletti Traduire par: Beverley Cross et Francis Evans Bouclez votre ceinture et pr\u00e9parez-vous \u00e0 un voyage mouvement\u00e9 au-del\u00e0 de vos atteintes! Boeing Boeing est une farce &hellip; <a href=\"https:\/\/www.watermarktheatre.com\/fr\/boeing-boeing-by-marc-camoletti\/\">Continued<\/a><\/p>\n","protected":false},"author":2,"featured_media":0,"parent":0,"menu_order":0,"comment_status":"closed","ping_status":"closed","template":"","meta":{"footnotes":""},"class_list":["post-3646","page","type-page","status-publish","hentry"],"_links":{"self":[{"href":"https:\/\/www.watermarktheatre.com\/fr\/wp-json\/wp\/v2\/pages\/3646","targetHints":{"allow":["GET"]}}],"collection":[{"href":"https:\/\/www.watermarktheatre.com\/fr\/wp-json\/wp\/v2\/pages"}],"about":[{"href":"https:\/\/www.watermarktheatre.com\/fr\/wp-json\/wp\/v2\/types\/page"}],"author":[{"embeddable":true,"href":"https:\/\/www.watermarktheatre.com\/fr\/wp-json\/wp\/v2\/users\/2"}],"replies":[{"embeddable":true,"href":"https:\/\/www.watermarktheatre.com\/fr\/wp-json\/wp\/v2\/comments?post=3646"}],"version-history":[{"count":4,"href":"https:\/\/www.watermarktheatre.com\/fr\/wp-json\/wp\/v2\/pages\/3646\/revisions"}],"predecessor-version":[{"id":4088,"href":"https:\/\/www.watermarktheatre.com\/fr\/wp-json\/wp\/v2\/pages\/3646\/revisions\/4088"}],"wp:attachment":[{"href":"https:\/\/www.watermarktheatre.com\/fr\/wp-json\/wp\/v2\/media?parent=3646"}],"curies":[{"name":"wp","href":"https:\/\/api.w.org\/{rel}","templated":true}]}}