{"id":3253,"date":"2016-11-29T19:49:38","date_gmt":"2016-11-29T19:49:38","guid":{"rendered":"https:\/\/watermarktheatre.com\/fr\/on-stage\/barefoot-in-the-park\/"},"modified":"2018-04-24T17:30:41","modified_gmt":"2018-04-24T17:30:41","slug":"barefoot-in-the-park","status":"publish","type":"page","link":"https:\/\/www.watermarktheatre.com\/fr\/on-stage\/barefoot-in-the-park\/","title":{"rendered":"Dial \u00ab\u00a0M\u00a0\u00bb For Murder de Frederick Knott"},"content":{"rendered":"<p><em>Dial \u201cM\u201d For Murder<\/em> de Frederick Knott, \u00e9crit en 1952, raconte l\u2019histoire effrayante d\u2019un \u00e9poux qui veut tuer son \u00e9pouse adult\u00e8re. Il pr\u00e9voit le meurtre parfait, car il fait chanter un vaurien, ancienne connaissance, et le force \u00e0 l\u2019\u00e9trangler \u00e0 un moment o\u00f9 lui a l\u2019alibi parfait. Bien s\u00fbr que la r\u00e9alit\u00e9 est bien autre. Cette pi\u00e8ce de th\u00e9\u00e2tre, l\u2019inspiration du film classique d\u2019Alfred Hitchcock, tisse un filet de plus en plus serr\u00e9 de danger et de d\u00e9ceptions. Ce thriller saisissant est riche d\u2019intrigues, de surprises et de suspense, et il vous tiendra en haleine.<\/p>\n<p>Directeur: Megan Watson<\/p>\n<p>En vedette: Richard Beaune, Paul Cowling, Madeleine Donohue, Jacob Hemphill, Geoffrey Pounsett, et Robert Tsonos<\/p>\n<p style=\"text-align: left;\"><img loading=\"lazy\" decoding=\"async\" class=\"aligncenter wp-image-3247 size-full\" src=\"http:\/\/watermarktheatre.com\/wp-content\/uploads\/2018\/04\/Watermark2018_webBanner-DialM.jpg\" alt=\"watermark2018_webbanner-dialm\" width=\"900\" height=\"571\" srcset=\"https:\/\/www.watermarktheatre.com\/wp-content\/uploads\/2018\/04\/Watermark2018_webBanner-DialM.jpg 900w, https:\/\/www.watermarktheatre.com\/wp-content\/uploads\/2018\/04\/Watermark2018_webBanner-DialM-300x190.jpg 300w, https:\/\/www.watermarktheatre.com\/wp-content\/uploads\/2018\/04\/Watermark2018_webBanner-DialM-768x487.jpg 768w\" sizes=\"auto, (max-width: 900px) 100vw, 900px\" \/><\/p>\n","protected":false},"excerpt":{"rendered":"<p>Dial \u201cM\u201d For Murder de Frederick Knott, \u00e9crit en 1952, raconte l\u2019histoire effrayante d\u2019un \u00e9poux qui veut tuer son \u00e9pouse adult\u00e8re. Il pr\u00e9voit le meurtre parfait, car il fait chanter &hellip; <a href=\"https:\/\/www.watermarktheatre.com\/fr\/on-stage\/barefoot-in-the-park\/\">Continued<\/a><\/p>\n","protected":false},"author":3,"featured_media":0,"parent":883,"menu_order":0,"comment_status":"closed","ping_status":"closed","template":"","meta":{"footnotes":""},"class_list":["post-3253","page","type-page","status-publish","hentry"],"_links":{"self":[{"href":"https:\/\/www.watermarktheatre.com\/fr\/wp-json\/wp\/v2\/pages\/3253","targetHints":{"allow":["GET"]}}],"collection":[{"href":"https:\/\/www.watermarktheatre.com\/fr\/wp-json\/wp\/v2\/pages"}],"about":[{"href":"https:\/\/www.watermarktheatre.com\/fr\/wp-json\/wp\/v2\/types\/page"}],"author":[{"embeddable":true,"href":"https:\/\/www.watermarktheatre.com\/fr\/wp-json\/wp\/v2\/users\/3"}],"replies":[{"embeddable":true,"href":"https:\/\/www.watermarktheatre.com\/fr\/wp-json\/wp\/v2\/comments?post=3253"}],"version-history":[{"count":9,"href":"https:\/\/www.watermarktheatre.com\/fr\/wp-json\/wp\/v2\/pages\/3253\/revisions"}],"predecessor-version":[{"id":3473,"href":"https:\/\/www.watermarktheatre.com\/fr\/wp-json\/wp\/v2\/pages\/3253\/revisions\/3473"}],"up":[{"embeddable":true,"href":"https:\/\/www.watermarktheatre.com\/fr\/wp-json\/wp\/v2\/pages\/883"}],"wp:attachment":[{"href":"https:\/\/www.watermarktheatre.com\/fr\/wp-json\/wp\/v2\/media?parent=3253"}],"curies":[{"name":"wp","href":"https:\/\/api.w.org\/{rel}","templated":true}]}}