{"id":2263,"date":"2016-11-29T19:50:00","date_gmt":"2016-11-29T19:50:00","guid":{"rendered":"https:\/\/watermarktheatre.com\/fr\/on-stage\/mrs-warrens-profession\/"},"modified":"2018-04-24T17:31:27","modified_gmt":"2018-04-24T17:31:27","slug":"a-moon-for-the-misbegotten","status":"publish","type":"page","link":"https:\/\/www.watermarktheatre.com\/fr\/on-stage\/a-moon-for-the-misbegotten\/","title":{"rendered":"A Moon For The Misbegotten de Eugene O&rsquo;Neill"},"content":{"rendered":"<p>C\u2019est un m\u00e9lange unique de com\u00e9die, de trag\u00e9die, d\u2019autobiographie et d\u2019imagination. C\u2019est une histoire d\u2019amour qui se passe en 1923 entre un com\u00e9dien de Broadway, Jim Tyrone, et une fermi\u00e8re de Connecticut, Josie Hogan. Josie et son p\u00e8re irlandais alcoolique, Phil, manigancent pour garder la ferme qu\u2019ils travaillent depuis 20 ans. Quand leur voisin, un baron p\u00e9trolier, r\u00e9clame leurs terres, ils font tout en leur pouvoir pour arr\u00eater la vente. Dans l\u2019espace d\u2019une nuit sur une lune brillante et magique, <em>A Moon for The Misbegotten<\/em> explore les profondeurs de l\u2019esprit humain et un \u00e9norme pouvoir r\u00e9dempteur.<\/p>\n<p>\u00ab La meilleure histoire d\u2019amour de toute la litt\u00e9rature dramatique am\u00e9ricaine.\u00a0\u00bb \u2013 <em>New York Daily News<\/em><\/p>\n<p>\u00ab Une belle pi\u00e8ce, peut-\u00eatre la meilleure des toutes les pi\u00e8ces sign\u00e9es O\u2019Neill.\u00a0\u00bb \u2013 <em>The New York Times<\/em><\/p>\n<p style=\"text-align: left;\">Directeur:\u00a0Robert Tsonos<\/p>\n<p style=\"text-align: left;\">En vedette: Brielle Ansems, Richard Beaune, Paul Cowling, Jacob Hemphill, et Geoffrey Pounsett.<\/p>\n<p style=\"text-align: left;\"><img loading=\"lazy\" decoding=\"async\" class=\"aligncenter wp-image-3256 size-full\" src=\"http:\/\/watermarktheatre.com\/wp-content\/uploads\/2016\/11\/Watermark2018_webBanner-Moon.jpg\" alt=\"watermark2018_webbanner-moon\" width=\"900\" height=\"571\" srcset=\"https:\/\/www.watermarktheatre.com\/wp-content\/uploads\/2016\/11\/Watermark2018_webBanner-Moon.jpg 900w, https:\/\/www.watermarktheatre.com\/wp-content\/uploads\/2016\/11\/Watermark2018_webBanner-Moon-300x190.jpg 300w, https:\/\/www.watermarktheatre.com\/wp-content\/uploads\/2016\/11\/Watermark2018_webBanner-Moon-768x487.jpg 768w\" sizes=\"auto, (max-width: 900px) 100vw, 900px\" \/><\/p>\n","protected":false},"excerpt":{"rendered":"<p>C\u2019est un m\u00e9lange unique de com\u00e9die, de trag\u00e9die, d\u2019autobiographie et d\u2019imagination. C\u2019est une histoire d\u2019amour qui se passe en 1923 entre un com\u00e9dien de Broadway, Jim Tyrone, et une fermi\u00e8re &hellip; <a href=\"https:\/\/www.watermarktheatre.com\/fr\/on-stage\/a-moon-for-the-misbegotten\/\">Continued<\/a><\/p>\n","protected":false},"author":3,"featured_media":0,"parent":883,"menu_order":0,"comment_status":"closed","ping_status":"closed","template":"","meta":{"footnotes":""},"class_list":["post-2263","page","type-page","status-publish","hentry"],"_links":{"self":[{"href":"https:\/\/www.watermarktheatre.com\/fr\/wp-json\/wp\/v2\/pages\/2263","targetHints":{"allow":["GET"]}}],"collection":[{"href":"https:\/\/www.watermarktheatre.com\/fr\/wp-json\/wp\/v2\/pages"}],"about":[{"href":"https:\/\/www.watermarktheatre.com\/fr\/wp-json\/wp\/v2\/types\/page"}],"author":[{"embeddable":true,"href":"https:\/\/www.watermarktheatre.com\/fr\/wp-json\/wp\/v2\/users\/3"}],"replies":[{"embeddable":true,"href":"https:\/\/www.watermarktheatre.com\/fr\/wp-json\/wp\/v2\/comments?post=2263"}],"version-history":[{"count":11,"href":"https:\/\/www.watermarktheatre.com\/fr\/wp-json\/wp\/v2\/pages\/2263\/revisions"}],"predecessor-version":[{"id":3474,"href":"https:\/\/www.watermarktheatre.com\/fr\/wp-json\/wp\/v2\/pages\/2263\/revisions\/3474"}],"up":[{"embeddable":true,"href":"https:\/\/www.watermarktheatre.com\/fr\/wp-json\/wp\/v2\/pages\/883"}],"wp:attachment":[{"href":"https:\/\/www.watermarktheatre.com\/fr\/wp-json\/wp\/v2\/media?parent=2263"}],"curies":[{"name":"wp","href":"https:\/\/api.w.org\/{rel}","templated":true}]}}