{"id":2026,"date":"2016-03-10T15:58:13","date_gmt":"2016-03-10T15:58:13","guid":{"rendered":"https:\/\/watermarktheatre.com\/the-company\/artistic-director\/"},"modified":"2024-04-18T15:16:13","modified_gmt":"2024-04-18T18:16:13","slug":"artistic-director","status":"publish","type":"page","link":"https:\/\/www.watermarktheatre.com\/fr\/the-company\/artistic-director\/","title":{"rendered":"DIRECTEUR ARTISTIQUE"},"content":{"rendered":"<div><img loading=\"lazy\" decoding=\"async\" class=\"size-medium wp-image-95 alignleft\" src=\"http:\/\/watermarktheatre.com\/wp-content\/uploads\/2016\/03\/Robert-171x300.jpg\" alt=\"Robert\" width=\"171\" height=\"300\" srcset=\"https:\/\/www.watermarktheatre.com\/wp-content\/uploads\/2016\/03\/Robert-171x300.jpg 171w, https:\/\/www.watermarktheatre.com\/wp-content\/uploads\/2016\/03\/Robert.jpg 268w\" sizes=\"auto, (max-width: 171px) 100vw, 171px\" \/><\/div>\n<h3><b>Robert <span class=\"il\">Tsonos<\/span><\/b><\/h3>\n<p>Robert a eu une carri\u00e8re internationale remarquable \u00e0 titre de directeur et a travaill\u00e9 au Japon, \u00e0 Hong Kong, en Angleterre et au Venezuela. Il a \u00e9volu\u00e9 au sein de la compagnie de Watermark pendant les saisons de 2014 et 2015 et a dirig\u00e9 <em>The Glass Menagerie, Barefoot in the Park,<\/em> <em>Mrs. Warren&rsquo;s Profession, A Moon for the Misbegotten, Boeing Boeing, The Gin Game, et Cottagers and Indians<\/em>. M. Tsonos a \u00e9t\u00e9 directeur r\u00e9sident du Th\u00e9\u00e2tre de l\u2019Ambassade du Canada \u00e0 Tokyo de 2003 \u00e0 2006. Il est directeur artistique du th\u00e9\u00e2tre Sometimes Y depuis 17 ans.<\/p>\n<p>Robert a notamment dirig\u00e9 Shirley Valentine au Victoria Playhouse, Lungs pour Kitbag Theatre, Shakespeare\u2019s Will et Old Times au Centre des arts de Hong Kong; Elisa\u2019s Skin \u00e0 TEATRELA \u00e0 Caracas; The Goat au Fringe Club de Hong Kong; La Ronde au campus de l\u2019Universit\u00e9 Temple au Japon; \u2019night, Mother au th\u00e9\u00e2tre Etcetera \u00e0 Londres et au th\u00e9\u00e2tre Dancehall \u00e0 Manchester; Vigil, The Drawer Boy et For The Pleasure Of Seeing Her Again au Th\u00e9\u00e2tre de l\u2019Ambassade du Canada; A Doll\u2019s House et Proof pour les Tokyo International Players.<\/p>\n<p>En tant qu\u2019acteur, Robert a jou\u00e9 dans An Ideal Husband, Romeo &amp; Juliet, The Rainmaker et The Lion In Winter (th\u00e9\u00e2tre Watermark); Macbeth (th\u00e9\u00e2tre Shouson \u00e0 Hong Kong); The Domino Heart et Problem Child (Th\u00e9\u00e2tre de l\u2019Ambassade du Canada \u00e0 Tokyo); True West (Akasaka Playbox, Tokyo); The Qualities of Zero, Ines de Castro, Total Body Washout et Romeo &amp; Rosaline (salle Extra Space du th\u00e9\u00e2tre Tarragon); Othello (th\u00e9\u00e2tre Persephone); The Grey Zone (th\u00e9\u00e2tre Poor Alex) et Three Days of Rain (Centre de th\u00e9\u00e2tre de Sudbury).<\/p>\n<p>Robert est aussi dramaturge. Sa pi\u00e8ce It\u2019s Time a gagn\u00e9 le concours Uprising National Playwriting Competition, s\u2019est class\u00e9e au 2e rang au 84e concours Annual Writer\u2019s Digest Writing Competition, et a \u00e9t\u00e9 finaliste au concours Herman Voaden Playwriting Competition. The Hum, mont\u00e9e \u00e0 Hong Kong, a \u00e9t\u00e9 finaliste au concours Herman Voaden National Playwriting Competition et \u00e0 \u00e9t\u00e9 publi\u00e9e chez Level 4 Press dans Regional Best 2012. Une autre de ses pi\u00e8ces, William &amp; James, a \u00e9t\u00e9 mont\u00e9e \u00e0 Toronto (Th\u00e9\u00e2tre Passe Muraille), \u00e0 New York, \u00e0 Montr\u00e9al et \u00e0 Ottawa. Notons parmi ses autres \u0153uvres dramatiques In His Name, Sharnoozle!, qui a fait le tour des \u00e9coles internationales de Tokyo, Ice Age diffus\u00e9e sur les ondes de CBC Radio, I Am Not The One et Running \u2013 3 short plays.<\/p>\n","protected":false},"excerpt":{"rendered":"<p>Robert Tsonos Robert a eu une carri\u00e8re internationale remarquable \u00e0 titre de directeur et a travaill\u00e9 au Japon, \u00e0 Hong Kong, en Angleterre et au Venezuela. Il a \u00e9volu\u00e9 au &hellip; <a href=\"https:\/\/www.watermarktheatre.com\/fr\/the-company\/artistic-director\/\">Continued<\/a><\/p>\n","protected":false},"author":3,"featured_media":0,"parent":899,"menu_order":0,"comment_status":"closed","ping_status":"closed","template":"template-custom.php","meta":{"footnotes":""},"class_list":["post-2026","page","type-page","status-publish","hentry"],"_links":{"self":[{"href":"https:\/\/www.watermarktheatre.com\/fr\/wp-json\/wp\/v2\/pages\/2026","targetHints":{"allow":["GET"]}}],"collection":[{"href":"https:\/\/www.watermarktheatre.com\/fr\/wp-json\/wp\/v2\/pages"}],"about":[{"href":"https:\/\/www.watermarktheatre.com\/fr\/wp-json\/wp\/v2\/types\/page"}],"author":[{"embeddable":true,"href":"https:\/\/www.watermarktheatre.com\/fr\/wp-json\/wp\/v2\/users\/3"}],"replies":[{"embeddable":true,"href":"https:\/\/www.watermarktheatre.com\/fr\/wp-json\/wp\/v2\/comments?post=2026"}],"version-history":[{"count":5,"href":"https:\/\/www.watermarktheatre.com\/fr\/wp-json\/wp\/v2\/pages\/2026\/revisions"}],"predecessor-version":[{"id":7162,"href":"https:\/\/www.watermarktheatre.com\/fr\/wp-json\/wp\/v2\/pages\/2026\/revisions\/7162"}],"up":[{"embeddable":true,"href":"https:\/\/www.watermarktheatre.com\/fr\/wp-json\/wp\/v2\/pages\/899"}],"wp:attachment":[{"href":"https:\/\/www.watermarktheatre.com\/fr\/wp-json\/wp\/v2\/media?parent=2026"}],"curies":[{"name":"wp","href":"https:\/\/api.w.org\/{rel}","templated":true}]}}