{"id":1875,"date":"2016-04-26T13:52:43","date_gmt":"2016-04-26T13:52:43","guid":{"rendered":"https:\/\/watermarktheatre.com\/?page_id=1875"},"modified":"2016-04-26T13:53:05","modified_gmt":"2016-04-26T13:53:05","slug":"nouvelles","status":"publish","type":"page","link":"https:\/\/www.watermarktheatre.com\/fr\/the-company\/nouvelles\/","title":{"rendered":"Nos nouvelles"},"content":{"rendered":"<div class=\"add_posts\"><div class=\"add_posts_content\" style=\"clear:both;\"><h2 class=\"title\" style=\"clear: none;\"><a href=\"https:\/\/www.watermarktheatre.com\/fr\/venez-voir-une-comedie-romantique-et-une-palpitante-histoire-de-fantomes-au-watermark-cet-ete\/\">Venez voir une com\u00e9die romantique et une palpitante histoire de fant\u00f4mes au Watermark cet \u00e9t\u00e9.<\/a><\/h2><div class=\"post-content\" style=\"clear:both\";><p>Le directeur artistique du Watermark Theatre, Robert Tsonos, annonce fi\u00e8rement les pi\u00e8ces qui serontn pr\u00e9sent\u00e9es pendant la saison estivale 2025 de la compagnie. Dear Jack, Dear Louise de Ken Ludwig sera pr\u00e9sent\u00e9e du 24 juin au 30 ao\u00fbt 2025, et The Woman in Black de Stephen Mallatratt, bas\u00e9e sur le roman de Susan Hill, jouera du 4 juillet au 29 ao\u00fbt 2025.<\/p>\n<div>\n<h6><!--more--><\/h6>\n<\/div>\n<p>\u00ab\u00a0Nos fid\u00e8les auront droit \u00e0 une saison estivale superbe, souligne Robert. Les deux pi\u00e8ces les divertiront,<br \/>\nmais pas de la m\u00eame mani\u00e8re. L\u2019une les fera rire, et peut-\u00eatre laisser \u00e9chapper une larme, et l\u2019autre les<br \/>\nfera sursauter. Nous vivrons une autre ann\u00e9e formidable au Watermark en 2025.\u00a0\u00bb<\/p>\n<p>Dear Jack, Dear Louise est un rappel inspirant du meilleur de nous-m\u00eames, malgr\u00e9 les pires<br \/>\ncirconstances. Pendant la Deuxi\u00e8me Guerre Mondiale, un m\u00e9decin de l\u2019arm\u00e9e lance une<br \/>\ncorrespondance avec une actrice \u00e9mergeante \u00e0 New York City dans l\u2019espoir de la rencontrer un jour si la<br \/>\nguerre le permet. Or, la guerre se poursuit, et menace de mettre fin \u00e0 leur relation avant qu\u2019elle ne<br \/>\ncommence. Le dramaturge Ken Ludwig, laur\u00e9at du prestigieux prix Tony, raconte l\u2019histoire joyeuse et<br \/>\nr\u00e9confortante de ses parents et des d\u00e9buts de leur histoire d\u2019amour pendant la Deuxi\u00e8me Guerre<br \/>\nMondiale. C\u2019est une histoire d\u2019amour poignante et engageante, marqu\u00e9e de com\u00e9die et d\u2019un esprit<br \/>\nexalt\u00e9 d\u2019espoir.<\/p>\n<p>The Woman in Black \u2013 Dans les coulisses pleines d\u2019ombres d\u2019un vieux th\u00e9\u00e2tre victorien, un jeune acteur<br \/>\nrencontre un avocat hant\u00e9 qui se sent oblig\u00e9 de d\u00e9m\u00ealer les secrets noirs qui peuplent ses cauchemars.<br \/>\nEnsemble ils racontent l\u2019histoire d\u2019un jeune avocat qui s\u2019aventure dans les marais malveillants de la<br \/>\ncampagne anglaise pour r\u00e9gler les affaires d\u2019une dame r\u00e9cemment d\u00e9cid\u00e9e. Pr\u00e9parez-vous \u00e0 un voyage<br \/>\nth\u00e9\u00e2tral fascinant dans l\u2019inconnu qui vous tiendra au bord de votre si\u00e8ge en train de frissonner. Cette<br \/>\npi\u00e8ce hantante a jou\u00e9 dans le West End de Londres pendant trois d\u00e9cennies.<\/p>\n<p>Vous pouvez vous procurer des laissez-passer pour l\u2019\u00e9t\u00e9 2025 au site locarius.io\/organizations\/26 ou en<br \/>\nappelant la billetterie au 902-963-3963.<\/p>\n<\/div><hr style=\"margin:10px 0\"><\/div><div class=\"add_posts_content\" style=\"clear:both;\"><h2 class=\"title\" style=\"clear: none;\"><a href=\"https:\/\/www.watermarktheatre.com\/fr\/one-step-at-a-time-and-the-return-of-gift-of-the-magi\/\">\u201cOne Step at a Time\u201d and the return of \u201cGift of the Magi\u201d<\/a><\/h2><div class=\"post-content\" style=\"clear:both\";><p><strong>\u201cOne Step at a Time\u201d and the return of \u201cGift of the Magi\u201d at Watermark this Fall and Winter<\/strong><\/p>\n<p>Watermark Theatre\u2019s Artistic Director\u00a0<strong>Robert Tsonos<\/strong>\u00a0is proud to announce the company\u2019s Fall and Winter programming for 2024.\u00a0<strong>One Step at a Time\u00a0\u2013 A Father\u2019s Journey<\/strong>\u00a0written, conceived, composed, and performed by Andrew Prashad will run from\u00a0<strong>Oct 2<sup>nd<\/sup>\u00a0to 5<sup>th<\/sup>,\u00a0<\/strong>while the 2023 holiday hit\u00a0<strong>The Gift of the Magi and Other Festive Stories to Warm the Heart<\/strong>\u00a0will return from Dec 13<sup>th<\/sup>\u00a0to 22<sup>nd<\/sup>.<\/p>\n<div>\n<h6><!--more--><\/h6>\n<\/div>\n<p>Through tap dance, original songs, monologues, and multimedia projection,\u00a0Andrew Prashad shares he and his wife's journey of caring for their son with spina bifida and hydrocephalus, while maintaining his career as a professional actor, singer and dancer.\u00a0<strong>One Step at a Time \u2013 A Father\u2019s Journey<\/strong>\u00a0is about parenthood, about life as an artist, letting go of expectations, and holding on fiercely for who and what you love.<\/p>\n<p>\u201cAndrew has created such an entertaining and honest portrait of his family while he\u2019s tap dancing and singing his way into our hearts\u201d, says Tsonos, \u201cit\u2019s truly a remarkable show\u201d.<\/p>\n<p><strong><em>\"A joyful story of family, love, and commitment\" Mooney on Theatre<\/em><\/strong><\/p>\n<p><strong>The Gift of the Magi and Other Festive Stories to Warm the Heart\u00a0<\/strong>by Alan Kinsella and Robert Tsonos was such a hit last winter that we are bringing it back for another run. Eight\u00a0holiday stories have been adapted for the stage interspersed with favourite Christmas carols. Full of songs, laughter and well-known tales of the season it\u2019s sure to once again delight audiences young and old.<\/p>\n<p>Tickets are on sale at\u00a0<a href=\"http:\/\/locarius.io\/organizations\/26\" target=\"_blank\" rel=\"noopener\" data-saferedirecturl=\"https:\/\/www.google.com\/url?q=http:\/\/locarius.io\/organizations\/26&amp;source=gmail&amp;ust=1726057908395000&amp;usg=AOvVaw3wzpn8o72og6h7ZU7XaHeN\">locarius.io\/organizations\/<wbr \/>26<\/a>\u00a0or by calling the box office at 902-963-3963.<\/p>\n<\/div><hr style=\"margin:10px 0\"><\/div><div class=\"add_posts_content\" style=\"clear:both;\"><h2 class=\"title\" style=\"clear: none;\"><a href=\"https:\/\/www.watermarktheatre.com\/fr\/le-theatre-watermark-annonce-les-pieces-de-theatre-qui-joueront-pendant-lete-2024\/\">Le th\u00e9\u00e2tre Watermark annonce les pi\u00e8ces de th\u00e9\u00e2tre qui joueront pendant l\u2019\u00e9t\u00e9 2024<\/a><\/h2><div class=\"post-content\" style=\"clear:both\";><p>Watermark montera une pi\u00e8ce du Canadien <strong>Bernard Slade,<\/strong> une com\u00e9die romantique hilarante <strong><em>Same Time, Next Year<\/em> <\/strong>et l\u2019adaptation du thriller <strong><em>Misery<\/em> <\/strong>de <strong>Stephen King<\/strong> par<strong> William Goldman <\/strong>cet \u00e9t\u00e9. Nous avons h\u00e2te de vous pr\u00e9senter ces deux pi\u00e8ces extraordinaires!<\/p>\n<div>\n<h6><!--more--><\/h6>\n<\/div>\n<p>Un rendez-vous d\u2019une nuit devient une affaire qui dure un quart de si\u00e8cle dans <strong><em>Same Time, Next Year<\/em>,<\/strong> une des com\u00e9dies romantiques les plus populaires de tous les temps. La pi\u00e8ce, laur\u00e9ate d\u2019un prix Tony, suit les fins de semaine clandestines de George et de Doris pendant 25. Les amants r\u00eaveurs s\u2019\u00e9vadent ensemble une fois par an pour vivre une escapade pleine de romantisme, d\u2019honn\u00eatet\u00e9 et d\u2019hilarit\u00e9, le tout sur une toile de fond du monde en pleine \u00e9volution. <em>Same Time, Next Year<\/em> jouera du 25 juin au 31 ao\u00fbt 2024.<\/p>\n<p>Dans la pi\u00e8ce <strong><em>Misery<\/em><\/strong>, la vraie vie est plus \u00e9trange que la fiction quand un c\u00e9l\u00e8bre \u00e9crivain de romans sentimentaux se r\u00e9veille chez sa \u00ab\u00a0fan num\u00e9ro 1\u00a0\u00bb. Paul Sheldon, victime d\u2019un accident de voiture en hiver, se trouve en \u00e9tat d\u2019invalidit\u00e9 dans la maison isol\u00e9e d\u2019Annie Wilkes, d\u2019apparence une infirmi\u00e8re bienveillante. Cela tourne vite en cauchemar, et Paul, bless\u00e9, se rend compte qu\u2019Annie n\u2019a aucune intention de lui permettre de partir. Cette adaptation vous fera dresser les cheveux sur la t\u00eate, comme vous vous retrouverez emprisonn\u00e9 dans la chambre avec Paul, qui doit d\u00e9jouer Annie pour s\u2019\u00e9vader. L\u2019intrigue de chat et de souris, bas\u00e9e sur le roman \u00e0 succ\u00e8s de Stephen King, vous tiendra en haleine jusqu'\u00e0 la fin. <em>Misery<\/em> jouera du 5 juillet au 30 ao\u00fbt 2024.<\/p>\n<\/div><hr style=\"margin:10px 0\"><\/div><div class=\"add_posts_content\" style=\"clear:both;\"><h2 class=\"title\" style=\"clear: none;\"><a href=\"https:\/\/www.watermarktheatre.com\/fr\/celebrating-15-years-watermark-announces-spring-and-summer-programming-for-2023\/\">LE WATERMARK F\u00caTE SES 15 ANS ET ANNONCE SA PROGRAMMATION DU PRINTEMPS ET DE L\u2019\u00c9T\u00c9 2023<\/a><\/h2><div class=\"post-content\" style=\"clear:both\";><p>Le directeur artistique du Watermark Theatre, Robert Tsonos, est ravi d\u2019annoncer la programmation du printemps et de l\u2019\u00e9t\u00e9 2023. La compagnie f\u00eate 15 ann\u00e9es du meilleur th\u00e9\u00e2tre de calibre professionnel de l\u2019\u00cele.<\/p>\n<p>Mentionnons d\u2019abord le deuxi\u00e8me Festival annuel de th\u00e9\u00e2tre pour enfants au printemps. Cet \u00e9t\u00e9, nous monterons le drame comique <em>Steel Magnolias<\/em> et le thriller <em>Gaslight<\/em>. Nous pr\u00e9senterons toujours la S\u00e9rie de musique Watermark certains dimanches en juillet et en ao\u00fbt.<\/p>\n<div><\/div>\n<div>\n<h6><!--more--><\/h6>\n<\/div>\n<p>Le Festival de th\u00e9\u00e2tre pour enfants comprendra deux pi\u00e8ces\u00a0: <em>Birds of a Feather<\/em> de Robert Watson, mont\u00e9e par le Neptune Theatre de Halifax, du 31 mars au 2 avril, ainsi que <em>What If<\/em> de Katey Hoffman, mont\u00e9e par le Geordie Theatre de Montr\u00e9al, du 14 au 16 avril.<\/p>\n<p><em>Steel Magnolias<\/em> de Robert Harling jouera du 27 juin au 26 ao\u00fbt et est r\u00e9alis\u00e9e par Samantha Wilson. Un groupe de Louisianaises se tissent des relations et s\u2019\u00e9changent des comm\u00e9rages au salon de coiffeur local en suivant le mariage et la maternit\u00e9 de la fille d\u2019une des clientes. Comme le dit le titre, ces dames sont parfois aussi d\u00e9licates que des magnolias \u2013 et aussi fortes que de l\u2019acier. Sous le coup de la trag\u00e9die, elles puisent dans leur force et leur amour sous-jacents. La pi\u00e8ce iconique <em>Steel Magnolias<\/em> continue \u00e0 v\u00e9hiculer pour des publics partout dans le monde des id\u00e9es d\u2019espoir, de perte et d\u2019amiti\u00e9.<\/p>\n<p><em>Gaslight<\/em> de Johnna Wright et Patty Jamieson est bas\u00e9e sur <em>Angel Street<\/em> de Patrick Hamilton et jouera du 7 juillet au 25 ao\u00fbt sous la houlette de Martha Irving, r\u00e9alisatrice du succ\u00e8s de l\u2019\u00e9t\u00e9 pass\u00e9 <em>Educating Rita<\/em>. C\u2019est le thriller de 1938 de Patrick Hamilton qui a donn\u00e9 naissance \u00e0 l\u2019expression \u00ab\u00a0gaslighting\u00a0\u00bb en anglais, qui signifie une forme insidieuse d\u2019abus mental. Bella Manningham entend des bruits \u00e9tranges et l\u2019\u00e9clairage au gaz baisse d\u2019intensit\u00e9 sans raison apparente. Perd-elle sa stabilit\u00e9 mentale, ou est-ce que quelqu\u2019un la lui enl\u00e8ve? Bella pense qu\u2019elle devient folle. La v\u00e9rit\u00e9 risque d\u2019\u00eatre beaucoup pire.<\/p>\n<p>La S\u00e9rie de musique Watermark revient, et c\u2019est Hannah Melanson qui choisit les pi\u00e8ces. Comme toujours, des artistes musicaux de l\u2019\u00cele vont interpr\u00e9ter des \u0153uvres classiques comme vous ne les avez jamais entendues. Les dates pr\u00e9vues sont le 23 juillet et le 6 et le 20 ao\u00fbt, toujours \u00e0 19 h 30.<\/p>\n<\/div><hr style=\"margin:10px 0\"><\/div><div class=\"add_posts_content\" style=\"clear:both;\"><h2 class=\"title\" style=\"clear: none;\"><a href=\"https:\/\/www.watermarktheatre.com\/fr\/5795\/\">EN 2022, LE WATERMARK THEATRE PR\u00c9SENTERA DES PI\u00c8CES TOUTE L\u2019ANN\u00c9E<\/a><\/h2><div class=\"post-content\" style=\"clear:both\";><p>Le directeur artistique, Robert Tsonos, est ravi d\u2019annoncer que le Watermark Theatre lance une nouvelle initiative pour monter et pr\u00e9senter des pi\u00e8ces dans chaque saison. Ainsi, nous organiserons le premier Festival annuel de th\u00e9\u00e2tre pour enfants Watermark au printemps et nous monterons les pi\u00e8ces <em>Educating Rita<\/em> et <em>The Drawer Boy<\/em> en \u00e9t\u00e9; <em>Beneath Springhill: The Maurice Ruddick Story<\/em> \u00e0 l\u2019automne; et une reprise de notre production 2021 de <em>A Christmas Carol<\/em> en hiver. Le Theatre continuera aussi \u00e0 pr\u00e9senter la S\u00e9rie de musique Watermark quelques dimanches au cours de l\u2019\u00e9t\u00e9, ainsi qu\u2019\u00e0 certaines dates ponctuelles pendant l\u2019hiver.<\/p>\n<h6><!--more--><\/h6>\n<p>Le Festival de th\u00e9\u00e2tre pour enfants comprendra trois pi\u00e8ces\u00a0: <em>The Princess and the Handmaiden<\/em> de Leslie Arden, mont\u00e9e par le Kitbag Theatre de l\u2019\u00ceP\u00c9 du 10 au 12 mars. <em>Seeds of Change <\/em>de Lojo Simon, mont\u00e9e par le Neptune Theatre de Halifax, sera jou\u00e9 gratuitement en ligne du 24 au 26 mars. <em>The Paper Bag Princess<\/em> d\u2019Alissa Watson, une adaptation du livre classique pour enfants de Robert Munsch, mont\u00e9e par le Geordie Theatre de Montr\u00e9al du 16 au 18 avril.<\/p>\n<p><em>Educating Rita<\/em> de Willy Russell, une pi\u00e8ce chaleureuse, amusante et intelligente au sujet des relations, des connexions et de la libert\u00e9, jouera du 12 au 30 juillet. L\u2019h\u00e9ro\u00efne, Rita, une coiffeuse mari\u00e9e, d\u00e9cide de rentrer \u00e0 l\u2019\u00e9cole pour \u00e9largir ses horizons. Elle s\u2019inscrit \u00e0 l\u2019universit\u00e9 et se retrouve sous la direction de Frank, un professeur blas\u00e9 qui se tourne vers l\u2019alcool pour naviguer la vie et le divorce.<\/p>\n<p>Une pi\u00e8ce classique canadienne, <em>The Drawer Boy <\/em>de Michael Healey, jouera du 9 ao\u00fbt au 3 septembre. Un jeune acteur citadin habite chez deux agriculteurs pour r\u00e9colter des histoires sur la vie rurale. Les vies des agriculteurs sont chang\u00e9es pour toujours quand l\u2019art essaie d\u2019imiter la vie et l\u2019on franchit la barri\u00e8re entre la v\u00e9rit\u00e9 et la fiction. Cette pi\u00e8ce hilariante, surprenante et infiniment \u00e9mouvante a remport\u00e9 le Prix litt\u00e9raire du Gouverneur g\u00e9n\u00e9ral de 1999 dans la cat\u00e9gorie du th\u00e9\u00e2tre.<\/p>\n<p><em>Beneath Springhill: The Maurice Ruddick Story<\/em> de Beau Dixon se jouera du 28 septembre au 8 octobre. Elle raconte la vie de Maurice Ruddick, un Afro-Canadien et un des survivants du d\u00e9sastre historique survenu en 1958 dans la mine de charbon de Springhill en Nouvelle-\u00c9cosse. Ce spectacle solo, cr\u00e9\u00e9 et jou\u00e9 par Beau Dixon, rappelle l\u2019histoire de sept mineurs pris \u00e0 un mille sous une petite ville mini\u00e8re, l\u2019effet de la trag\u00e9die sur leur communaut\u00e9 canadienne rurale et les tensions raciales ayant fait surface en cons\u00e9quence.<\/p>\n<p>En dernier lieu, nous reprendrons notre production de 2021 de <em>A Christmas Carol<\/em> de Charles Dickens, une adaptation par Danielle Pearson, du 14 au 18 d\u00e9cembre.<\/p>\n<p>La S\u00e9rie de musique Watermark revient, toujours sur la direction de Rob Oakie. Comme dans le pass\u00e9, des artistes musicaux de l\u2019\u00cele vont interpr\u00e9ter des \u0153uvres classiques comme vous ne les avez jamais entendues. Les dates pr\u00e9vues sont le 24 juillet et les 14 et 28 ao\u00fbt, \u00e0 19\u00a0h\u00a030.<\/p>\n<p>Nous suivrons toutes les r\u00e8gles provinciales reli\u00e9es \u00e0 la COVID-19\u00a0: passeport vaccinal, distanciation physique, port du masque, d\u00e9sinfection des mains, etc.<\/p>\n<p>Pour obtenir un laissez-passer saisonnier (pour 4 ou 6 prestations), passez au site <a href=\"http:\/\/www.ticketwizard.ca\">www.ticketwizard.ca<\/a> ou appelez la billetterie au 902-963-3963.<\/p>\n<\/div><hr style=\"margin:10px 0\"><\/div><\/div><div style=\"clear: both;\"><\/div>\n","protected":false},"excerpt":{"rendered":"","protected":false},"author":3,"featured_media":0,"parent":899,"menu_order":0,"comment_status":"closed","ping_status":"closed","template":"","meta":{"footnotes":""},"class_list":["post-1875","page","type-page","status-publish","hentry"],"_links":{"self":[{"href":"https:\/\/www.watermarktheatre.com\/fr\/wp-json\/wp\/v2\/pages\/1875","targetHints":{"allow":["GET"]}}],"collection":[{"href":"https:\/\/www.watermarktheatre.com\/fr\/wp-json\/wp\/v2\/pages"}],"about":[{"href":"https:\/\/www.watermarktheatre.com\/fr\/wp-json\/wp\/v2\/types\/page"}],"author":[{"embeddable":true,"href":"https:\/\/www.watermarktheatre.com\/fr\/wp-json\/wp\/v2\/users\/3"}],"replies":[{"embeddable":true,"href":"https:\/\/www.watermarktheatre.com\/fr\/wp-json\/wp\/v2\/comments?post=1875"}],"version-history":[{"count":2,"href":"https:\/\/www.watermarktheatre.com\/fr\/wp-json\/wp\/v2\/pages\/1875\/revisions"}],"predecessor-version":[{"id":1877,"href":"https:\/\/www.watermarktheatre.com\/fr\/wp-json\/wp\/v2\/pages\/1875\/revisions\/1877"}],"up":[{"embeddable":true,"href":"https:\/\/www.watermarktheatre.com\/fr\/wp-json\/wp\/v2\/pages\/899"}],"wp:attachment":[{"href":"https:\/\/www.watermarktheatre.com\/fr\/wp-json\/wp\/v2\/media?parent=1875"}],"curies":[{"name":"wp","href":"https:\/\/api.w.org\/{rel}","templated":true}]}}